{"id":294,"date":"2018-02-14T13:12:46","date_gmt":"2018-02-14T17:12:46","guid":{"rendered":"http:\/\/www.fitandfinsaquaticsports.com\/finswimmingworldcupusa\/?page_id=294"},"modified":"2025-02-18T14:36:27","modified_gmt":"2025-02-18T18:36:27","slug":"rules-and-register","status":"publish","type":"page","link":"https:\/\/www.fitandfinsaquaticsports.com\/finswimmingworldcupusa\/es\/rules-and-register\/","title":{"rendered":"Reglamento y Registro"},"content":{"rendered":"<p>La Competici\u00f3n ser\u00e1 regida por el Reglamento CMAS de Nataci\u00f3n con Aletas, por las Reglas de las Copas Mundo CMAS y por el reglamento espec\u00edfico, que cada atleta, con sus inscripci\u00f3n, afirma conocer y est\u00e1 de acuerdo en seguir de manera estricta.<\/p>\n<p>Pueden encontrar las regulaciones CMAS en el siguiente link.<br \/>\n<a href=\"https:\/\/www.cmas.org\/finswimming\/how-to-regulations.html\" target=\"_blank\" rel=\"noopener\">https:\/\/www.cmas.org\/finswimming\/how-to-regulations.html<\/a><\/p>\n<p>Por favor revise las instrucciones para registrar sus deportistas y pruebas para la copa<br \/>\nmundo, toda la informaci\u00f3n quedara depositada en la base de datos de CMAS.<\/p>\n<p><a href=\"https:\/\/www.youtube.com\/playlist?list=PLc0wKrFUkf-6b3DLtsND9EIcX_jPe_awq\" target=\"_blank\" rel=\"noopener\">CMAS registration process tutorials &#8211; Finswimming<\/a><\/p>","protected":false},"excerpt":{"rendered":"<p>La Competici\u00f3n ser\u00e1 regida por el Reglamento CMAS de Nataci\u00f3n con Aletas, por las Reglas de las Copas Mundo CMAS y por el reglamento espec\u00edfico, que cada atleta, con sus inscripci\u00f3n, afirma conocer y est\u00e1 de acuerdo en seguir de manera estricta. Pueden encontrar las regulaciones CMAS en el siguiente link. https:\/\/www.cmas.org\/finswimming\/how-to-regulations.html Por favor revise [&hellip;]<\/p>\n","protected":false},"author":1,"featured_media":1301,"parent":0,"menu_order":0,"comment_status":"closed","ping_status":"closed","template":"","meta":{"jetpack_post_was_ever_published":false,"footnotes":""},"class_list":["post-294","page","type-page","status-publish","has-post-thumbnail","hentry"],"jetpack_sharing_enabled":true,"jetpack_shortlink":"https:\/\/wp.me\/P9FPmh-4K","jetpack_likes_enabled":false,"_links":{"self":[{"href":"https:\/\/www.fitandfinsaquaticsports.com\/finswimmingworldcupusa\/es\/wp-json\/wp\/v2\/pages\/294","targetHints":{"allow":["GET"]}}],"collection":[{"href":"https:\/\/www.fitandfinsaquaticsports.com\/finswimmingworldcupusa\/es\/wp-json\/wp\/v2\/pages"}],"about":[{"href":"https:\/\/www.fitandfinsaquaticsports.com\/finswimmingworldcupusa\/es\/wp-json\/wp\/v2\/types\/page"}],"author":[{"embeddable":true,"href":"https:\/\/www.fitandfinsaquaticsports.com\/finswimmingworldcupusa\/es\/wp-json\/wp\/v2\/users\/1"}],"replies":[{"embeddable":true,"href":"https:\/\/www.fitandfinsaquaticsports.com\/finswimmingworldcupusa\/es\/wp-json\/wp\/v2\/comments?post=294"}],"version-history":[{"count":19,"href":"https:\/\/www.fitandfinsaquaticsports.com\/finswimmingworldcupusa\/es\/wp-json\/wp\/v2\/pages\/294\/revisions"}],"predecessor-version":[{"id":1401,"href":"https:\/\/www.fitandfinsaquaticsports.com\/finswimmingworldcupusa\/es\/wp-json\/wp\/v2\/pages\/294\/revisions\/1401"}],"wp:featuredmedia":[{"embeddable":true,"href":"https:\/\/www.fitandfinsaquaticsports.com\/finswimmingworldcupusa\/es\/wp-json\/wp\/v2\/media\/1301"}],"wp:attachment":[{"href":"https:\/\/www.fitandfinsaquaticsports.com\/finswimmingworldcupusa\/es\/wp-json\/wp\/v2\/media?parent=294"}],"curies":[{"name":"wp","href":"https:\/\/api.w.org\/{rel}","templated":true}]}}