{"id":64,"date":"2018-01-28T00:06:49","date_gmt":"2018-01-28T04:06:49","guid":{"rendered":"http:\/\/www.sportalsub.net\/usafinswimmingworldcup\/?page_id=64"},"modified":"2025-02-18T14:47:53","modified_gmt":"2025-02-18T18:47:53","slug":"about","status":"publish","type":"page","link":"https:\/\/www.fitandfinsaquaticsports.com\/finswimmingworldcupusa\/es\/about\/","title":{"rendered":"Competici\u00f3n"},"content":{"rendered":"<p>La CMAS AMERICA y FIT AND FINS AQUATIC SPORTS\u2013 autorizado por CMAS \u2013 invitan a todas las Federaciones y Clubes interesados, a participar en la XIX Copa Mundo CMAS de Nataci\u00f3n con Aletas 2025 organizada en Coral Springs, Florida en los Estados Unidos de Am\u00e9rica.<\/p>\n<h4 class=\"event-header\"><strong>Documentos Oficiales 2025<\/strong><strong>(EN INGL\u00c9S)<\/strong><\/h4>\n<p><a href=\"https:\/\/www.cmas.org\/media\/com_eventbooking\/2025%20CMAS%20World%20Cup%20Finswimming%20Indoor%20USA_Specific%20Rules.zip\" target=\"_blank\" rel=\"noopener\">2025 CMAS World Cup Finswimming Indoor USA_Specific Rules.zip<\/a><br \/>\n<a href=\"https:\/\/www.cmas.org\/media\/com_eventbooking\/Technical%20Notice_2025%20Competition%20requirements%20in%20CMAS%20Portal.pdf\" target=\"_blank\" rel=\"noopener\">Technical Notice_2025 Competition requirements in CMAS Portal.pdf<\/a><br \/>\n<a href=\"https:\/\/www.cmas.org\/media\/com_eventbooking\/Technical%20Notice_FSW%20World%20Cup%20online%20registration%20tutorial.pdf\" target=\"_blank\" rel=\"noopener\">Technical Notice_FSW World Cup online registration tutorial.pdf<\/a><\/p>\n<div class=\"document_tree\">\n<div class=\"file\">\n<div class=\"file_inner\">\n<h3><a href=\"https:\/\/www.fitandfinsaquaticsports.com\/finswimmingworldcupusa\/results\/\" rel=\"noopener\">RESULTADOS 2018, 2019, 2021, 2022, 2023, 2024<\/a><\/h3>\n<p>&nbsp;<\/p>\n<\/div>\n<\/div>\n<\/div>\n<p><\/p>","protected":false},"excerpt":{"rendered":"<p>La CMAS AMERICA y FIT AND FINS AQUATIC SPORTS\u2013 autorizado por CMAS \u2013 invitan a todas las Federaciones y Clubes interesados, a participar en la XIX Copa Mundo CMAS de Nataci\u00f3n con Aletas 2025 organizada en Coral Springs, Florida en los Estados Unidos de Am\u00e9rica. Documentos Oficiales 2025(EN INGL\u00c9S) 2025 CMAS World Cup Finswimming Indoor [&hellip;]<\/p>\n","protected":false},"author":1,"featured_media":1391,"parent":0,"menu_order":0,"comment_status":"closed","ping_status":"closed","template":"","meta":{"jetpack_post_was_ever_published":false,"footnotes":""},"class_list":["post-64","page","type-page","status-publish","has-post-thumbnail","hentry"],"jetpack_sharing_enabled":true,"jetpack_shortlink":"https:\/\/wp.me\/P9FPmh-12","jetpack_likes_enabled":false,"_links":{"self":[{"href":"https:\/\/www.fitandfinsaquaticsports.com\/finswimmingworldcupusa\/es\/wp-json\/wp\/v2\/pages\/64","targetHints":{"allow":["GET"]}}],"collection":[{"href":"https:\/\/www.fitandfinsaquaticsports.com\/finswimmingworldcupusa\/es\/wp-json\/wp\/v2\/pages"}],"about":[{"href":"https:\/\/www.fitandfinsaquaticsports.com\/finswimmingworldcupusa\/es\/wp-json\/wp\/v2\/types\/page"}],"author":[{"embeddable":true,"href":"https:\/\/www.fitandfinsaquaticsports.com\/finswimmingworldcupusa\/es\/wp-json\/wp\/v2\/users\/1"}],"replies":[{"embeddable":true,"href":"https:\/\/www.fitandfinsaquaticsports.com\/finswimmingworldcupusa\/es\/wp-json\/wp\/v2\/comments?post=64"}],"version-history":[{"count":43,"href":"https:\/\/www.fitandfinsaquaticsports.com\/finswimmingworldcupusa\/es\/wp-json\/wp\/v2\/pages\/64\/revisions"}],"predecessor-version":[{"id":1392,"href":"https:\/\/www.fitandfinsaquaticsports.com\/finswimmingworldcupusa\/es\/wp-json\/wp\/v2\/pages\/64\/revisions\/1392"}],"wp:featuredmedia":[{"embeddable":true,"href":"https:\/\/www.fitandfinsaquaticsports.com\/finswimmingworldcupusa\/es\/wp-json\/wp\/v2\/media\/1391"}],"wp:attachment":[{"href":"https:\/\/www.fitandfinsaquaticsports.com\/finswimmingworldcupusa\/es\/wp-json\/wp\/v2\/media?parent=64"}],"curies":[{"name":"wp","href":"https:\/\/api.w.org\/{rel}","templated":true}]}}