{"id":75,"date":"2018-01-28T00:29:55","date_gmt":"2018-01-28T04:29:55","guid":{"rendered":"http:\/\/www.sportalsub.net\/usafinswimmingworldcup\/?page_id=75"},"modified":"2018-02-18T21:36:45","modified_gmt":"2018-02-19T01:36:45","slug":"the-pool","status":"publish","type":"page","link":"https:\/\/www.fitandfinsaquaticsports.com\/finswimmingworldcupusa\/es\/the-pool\/","title":{"rendered":"La Piscina"},"content":{"rendered":"<p>Una de las joyas ocultas del Condado de Broward es el Complejo Acu\u00e1tico Coral Springs en SportsPlex. Esta instalaci\u00f3n de fama mundial alberga competencias nacionales e internacionales de nataci\u00f3n, waterpolo, nado sincronizad y clavados. Clavadistas y nadadores de todo el mundo vienen a entrenar en esta instalaci\u00f3n, incluida la medallista de oro ol\u00edmpica, Dara Torres.<\/p>\n<p><a href=\"http:\/\/aquaticcomplex.com\/\" target=\"_blank\" rel=\"noopener\">http:\/\/aquaticcomplex.com<\/a><\/p>\n<p><iframe loading=\"lazy\" style=\"border: none; overflow: hidden;\" src=\"https:\/\/www.facebook.com\/plugins\/video.php?href=https%3A%2F%2Fwww.facebook.com%2Ffinswimmingworldcupusa%2Fvideos%2F1186934238107129%2F&amp;show_text=0&amp;width=560\" width=\"560\" height=\"315\" frameborder=\"0\" scrolling=\"no\" allowfullscreen=\"allowfullscreen\" data-mce-fragment=\"1\"><\/iframe><\/p>\n<p><strong>Direcci\u00f3n<\/strong><\/p>\n<p>12441 Royal Palm Boulevard<br \/>\nCoral Springs,\u00a0FL 33065<\/p>\n<p><strong>Hoteles<\/strong><\/p>\n<ul>\n<li>Hotel Primera Opci\u00f3n<br \/>\nFort Lauderdale Marriott Coral Springs Hotel, Golf Club &amp; Convention Center<br \/>\n<a href=\"http:\/\/www.marriott.com\/hotels\/travel\/fllmc-fort-lauderdale-marriott-coral-springs-hotel-golf-club-and-convention-center\/\" target=\"_blank\" rel=\"noopener\">http:\/\/www.marriott.com\/hotels\/travel\/fllmc-fort-lauderdale-marriott-coral-springs-hotel-golf-club-and-convention-center\/<\/a><br \/>\n4.5\u00a0 Millas (7.3 Kms) del Aquatic Complex. 15 minutos en carro<br \/>\n<img decoding=\"async\" src=\"http:\/\/www.sportalsub.net\/blog\/wp-content\/uploads\/2009\/10\/pdf.gif\" \/>\u00a0<a href=\"http:\/\/www.fitandfinsaquaticsports.com\/finswimmingworldcupusa\/wp-content\/uploads\/2018\/02\/Hotel-Marriot-Espanol.pdf\" target=\"_blank\" rel=\"noopener\">Informaci\u00f3n Acomodaci\u00f3n Hotel Opci\u00f3n 1<\/a><\/li>\n<\/ul>\n<p>&nbsp;<\/p>\n<ul>\n<li>Hotel Segunda Opci\u00f3n<br \/>\nLa Quinta Inn &amp; Suites Coral Springs South (<a href=\"https:\/\/www.lq.com\/en.html\" target=\"_blank\" rel=\"noopener\">https:\/\/www.lq.com\/en.html<\/a> )<br \/>\n4.3 Milles\u00a0(7 Kms)\u00a0del Aquatic Complex. 15 minutos en carro<br \/>\n<img decoding=\"async\" src=\"http:\/\/www.sportalsub.net\/blog\/wp-content\/uploads\/2009\/10\/pdf.gif\" \/>\u00a0<a href=\"http:\/\/www.fitandfinsaquaticsports.com\/finswimmingworldcupusa\/wp-content\/uploads\/2018\/02\/La-Quinta-Hotel-Espanol.pdf\" target=\"_blank\" rel=\"noopener\">Informaci\u00f3n Acomodaci\u00f3n Hotel Opci\u00f3n 2\u00a0<\/a><\/li>\n<\/ul>\n<p>&nbsp;<\/p>","protected":false},"excerpt":{"rendered":"<p>Una de las joyas ocultas del Condado de Broward es el Complejo Acu\u00e1tico Coral Springs en SportsPlex. Esta instalaci\u00f3n de fama mundial alberga competencias nacionales e internacionales de nataci\u00f3n, waterpolo, nado sincronizad y clavados. Clavadistas y nadadores de todo el mundo vienen a entrenar en esta instalaci\u00f3n, incluida la medallista de oro ol\u00edmpica, Dara Torres. [&hellip;]<\/p>\n","protected":false},"author":1,"featured_media":21,"parent":0,"menu_order":0,"comment_status":"closed","ping_status":"closed","template":"","meta":{"jetpack_post_was_ever_published":false,"footnotes":""},"class_list":["post-75","page","type-page","status-publish","has-post-thumbnail","hentry"],"jetpack_sharing_enabled":true,"jetpack_shortlink":"https:\/\/wp.me\/P9FPmh-1d","jetpack_likes_enabled":false,"_links":{"self":[{"href":"https:\/\/www.fitandfinsaquaticsports.com\/finswimmingworldcupusa\/es\/wp-json\/wp\/v2\/pages\/75","targetHints":{"allow":["GET"]}}],"collection":[{"href":"https:\/\/www.fitandfinsaquaticsports.com\/finswimmingworldcupusa\/es\/wp-json\/wp\/v2\/pages"}],"about":[{"href":"https:\/\/www.fitandfinsaquaticsports.com\/finswimmingworldcupusa\/es\/wp-json\/wp\/v2\/types\/page"}],"author":[{"embeddable":true,"href":"https:\/\/www.fitandfinsaquaticsports.com\/finswimmingworldcupusa\/es\/wp-json\/wp\/v2\/users\/1"}],"replies":[{"embeddable":true,"href":"https:\/\/www.fitandfinsaquaticsports.com\/finswimmingworldcupusa\/es\/wp-json\/wp\/v2\/comments?post=75"}],"version-history":[{"count":12,"href":"https:\/\/www.fitandfinsaquaticsports.com\/finswimmingworldcupusa\/es\/wp-json\/wp\/v2\/pages\/75\/revisions"}],"predecessor-version":[{"id":410,"href":"https:\/\/www.fitandfinsaquaticsports.com\/finswimmingworldcupusa\/es\/wp-json\/wp\/v2\/pages\/75\/revisions\/410"}],"wp:featuredmedia":[{"embeddable":true,"href":"https:\/\/www.fitandfinsaquaticsports.com\/finswimmingworldcupusa\/es\/wp-json\/wp\/v2\/media\/21"}],"wp:attachment":[{"href":"https:\/\/www.fitandfinsaquaticsports.com\/finswimmingworldcupusa\/es\/wp-json\/wp\/v2\/media?parent=75"}],"curies":[{"name":"wp","href":"https:\/\/api.w.org\/{rel}","templated":true}]}}