{"id":81,"date":"2018-01-28T00:52:57","date_gmt":"2018-01-28T04:52:57","guid":{"rendered":"http:\/\/www.sportalsub.net\/usafinswimmingworldcup\/?page_id=81"},"modified":"2018-12-29T12:16:47","modified_gmt":"2018-12-29T16:16:47","slug":"finswimming","status":"publish","type":"page","link":"https:\/\/www.fitandfinsaquaticsports.com\/finswimmingworldcupusa\/es\/finswimming\/","title":{"rendered":"Nataci\u00f3n con Aletas"},"content":{"rendered":"<p>La Nataci\u00f3n con Aletas o Finswimming es un deporte regido por la Confederaci\u00f3n Mundial de Actividades Subacu\u00e1ticas (CMAS)<\/p>\n<p>Por nataci\u00f3n con aletas se entiende la progresi\u00f3n con monoaleta o dos aletas a trav\u00e9s de la superficie o debajo del agua, \u00fanicamente mediante la fuerza muscular del nadador sin usar cualquier otro mecanismo, ni siquiera si es accionado muscularmente.<\/p>\n<p><iframe loading=\"lazy\" style=\"border: none; overflow: hidden;\" src=\"https:\/\/www.facebook.com\/plugins\/video.php?href=https%3A%2F%2Fwww.facebook.com%2Ffinswimmingworldcupusa%2Fvideos%2F1186673964799823%2F&amp;show_text=0&amp;width=560\" width=\"560\" height=\"315\" frameborder=\"0\" scrolling=\"no\" allowfullscreen=\"allowfullscreen\"><\/iframe><\/p>\n<p><iframe loading=\"lazy\" style=\"border: none; overflow: hidden;\" src=\"https:\/\/www.facebook.com\/plugins\/video.php?href=https%3A%2F%2Fwww.facebook.com%2Ffinswimmingworldcupusa%2Fvideos%2F1185606311573255%2F&amp;show_text=0&amp;width=560\" width=\"560\" height=\"315\" frameborder=\"0\" scrolling=\"no\" allowfullscreen=\"allowfullscreen\"><\/iframe><\/p>\n<p><iframe loading=\"lazy\" style=\"border: none; overflow: hidden;\" src=\"https:\/\/www.facebook.com\/plugins\/video.php?href=https%3A%2F%2Fwww.facebook.com%2Ffinswimmingworldcupusa%2Fvideos%2F1185428418257711%2F&amp;show_text=0&amp;width=560\" width=\"560\" height=\"315\" frameborder=\"0\" scrolling=\"no\" allowfullscreen=\"allowfullscreen\"><\/iframe><\/p>\n<p><strong><a href=\"http:\/\/www.cmas.org\/finswimming\/finswimming-records#records-142788\" target=\"_blank\" rel=\"noopener\">R\u00c9CORDS MUNDIALES<\/a><\/strong><\/p>\n<p><strong><a href=\"http:\/\/www.cmas.org\/finswimming\" target=\"_blank\" rel=\"noopener\">Finswimming CMAS Comission<\/a><\/strong><\/p>","protected":false},"excerpt":{"rendered":"<p>La Nataci\u00f3n con Aletas o Finswimming es un deporte regido por la Confederaci\u00f3n Mundial de Actividades Subacu\u00e1ticas (CMAS) Por nataci\u00f3n con aletas se entiende la progresi\u00f3n con monoaleta o dos aletas a trav\u00e9s de la superficie o debajo del agua, \u00fanicamente mediante la fuerza muscular del nadador sin usar cualquier otro mecanismo, ni siquiera si [&hellip;]<\/p>\n","protected":false},"author":1,"featured_media":356,"parent":0,"menu_order":0,"comment_status":"closed","ping_status":"closed","template":"","meta":{"jetpack_post_was_ever_published":false,"footnotes":""},"class_list":["post-81","page","type-page","status-publish","has-post-thumbnail","hentry"],"jetpack_sharing_enabled":true,"jetpack_shortlink":"https:\/\/wp.me\/P9FPmh-1j","jetpack_likes_enabled":false,"_links":{"self":[{"href":"https:\/\/www.fitandfinsaquaticsports.com\/finswimmingworldcupusa\/es\/wp-json\/wp\/v2\/pages\/81","targetHints":{"allow":["GET"]}}],"collection":[{"href":"https:\/\/www.fitandfinsaquaticsports.com\/finswimmingworldcupusa\/es\/wp-json\/wp\/v2\/pages"}],"about":[{"href":"https:\/\/www.fitandfinsaquaticsports.com\/finswimmingworldcupusa\/es\/wp-json\/wp\/v2\/types\/page"}],"author":[{"embeddable":true,"href":"https:\/\/www.fitandfinsaquaticsports.com\/finswimmingworldcupusa\/es\/wp-json\/wp\/v2\/users\/1"}],"replies":[{"embeddable":true,"href":"https:\/\/www.fitandfinsaquaticsports.com\/finswimmingworldcupusa\/es\/wp-json\/wp\/v2\/comments?post=81"}],"version-history":[{"count":16,"href":"https:\/\/www.fitandfinsaquaticsports.com\/finswimmingworldcupusa\/es\/wp-json\/wp\/v2\/pages\/81\/revisions"}],"predecessor-version":[{"id":793,"href":"https:\/\/www.fitandfinsaquaticsports.com\/finswimmingworldcupusa\/es\/wp-json\/wp\/v2\/pages\/81\/revisions\/793"}],"wp:featuredmedia":[{"embeddable":true,"href":"https:\/\/www.fitandfinsaquaticsports.com\/finswimmingworldcupusa\/es\/wp-json\/wp\/v2\/media\/356"}],"wp:attachment":[{"href":"https:\/\/www.fitandfinsaquaticsports.com\/finswimmingworldcupusa\/es\/wp-json\/wp\/v2\/media?parent=81"}],"curies":[{"name":"wp","href":"https:\/\/api.w.org\/{rel}","templated":true}]}}