{"id":82,"date":"2018-01-28T00:53:12","date_gmt":"2018-01-28T04:53:12","guid":{"rendered":"http:\/\/www.sportalsub.net\/usafinswimmingworldcup\/?page_id=82"},"modified":"2019-12-04T06:55:56","modified_gmt":"2019-12-04T10:55:56","slug":"organization","status":"publish","type":"page","link":"https:\/\/www.fitandfinsaquaticsports.com\/finswimmingworldcupusa\/es\/organization\/","title":{"rendered":"Organizaci\u00f3n"},"content":{"rendered":"<p>La Organizaci\u00f3n de la Copa Mundo CMAS de Nataci\u00f3n con Aletas en USA estar\u00e1 a cargo de \u00abFIT AND FINS AQUATIC SPORTS\u00bb dirigido por el reconocido deportista y entrenador de actividades subacu\u00e1ticas Diego Le\u00f3n Rodr\u00edguez, nacido en Colombia<\/p>","protected":false},"excerpt":{"rendered":"<p>La Organizaci\u00f3n de la Copa Mundo CMAS de Nataci\u00f3n con Aletas en USA estar\u00e1 a cargo de \u00abFIT AND FINS AQUATIC SPORTS\u00bb dirigido por el reconocido deportista y entrenador de actividades subacu\u00e1ticas Diego Le\u00f3n Rodr\u00edguez, nacido en Colombia<\/p>\n","protected":false},"author":1,"featured_media":93,"parent":0,"menu_order":0,"comment_status":"closed","ping_status":"closed","template":"","meta":{"jetpack_post_was_ever_published":false,"footnotes":""},"class_list":["post-82","page","type-page","status-publish","has-post-thumbnail","hentry"],"jetpack_sharing_enabled":true,"jetpack_shortlink":"https:\/\/wp.me\/P9FPmh-1k","jetpack_likes_enabled":false,"_links":{"self":[{"href":"https:\/\/www.fitandfinsaquaticsports.com\/finswimmingworldcupusa\/es\/wp-json\/wp\/v2\/pages\/82","targetHints":{"allow":["GET"]}}],"collection":[{"href":"https:\/\/www.fitandfinsaquaticsports.com\/finswimmingworldcupusa\/es\/wp-json\/wp\/v2\/pages"}],"about":[{"href":"https:\/\/www.fitandfinsaquaticsports.com\/finswimmingworldcupusa\/es\/wp-json\/wp\/v2\/types\/page"}],"author":[{"embeddable":true,"href":"https:\/\/www.fitandfinsaquaticsports.com\/finswimmingworldcupusa\/es\/wp-json\/wp\/v2\/users\/1"}],"replies":[{"embeddable":true,"href":"https:\/\/www.fitandfinsaquaticsports.com\/finswimmingworldcupusa\/es\/wp-json\/wp\/v2\/comments?post=82"}],"version-history":[{"count":11,"href":"https:\/\/www.fitandfinsaquaticsports.com\/finswimmingworldcupusa\/es\/wp-json\/wp\/v2\/pages\/82\/revisions"}],"predecessor-version":[{"id":987,"href":"https:\/\/www.fitandfinsaquaticsports.com\/finswimmingworldcupusa\/es\/wp-json\/wp\/v2\/pages\/82\/revisions\/987"}],"wp:featuredmedia":[{"embeddable":true,"href":"https:\/\/www.fitandfinsaquaticsports.com\/finswimmingworldcupusa\/es\/wp-json\/wp\/v2\/media\/93"}],"wp:attachment":[{"href":"https:\/\/www.fitandfinsaquaticsports.com\/finswimmingworldcupusa\/es\/wp-json\/wp\/v2\/media?parent=82"}],"curies":[{"name":"wp","href":"https:\/\/api.w.org\/{rel}","templated":true}]}}